{"id":1319,"date":"2021-11-21T15:14:19","date_gmt":"2021-11-21T15:14:19","guid":{"rendered":"https:\/\/fisiomacarenaleon.es\/?page_id=1319"},"modified":"2023-11-23T11:19:49","modified_gmt":"2023-11-23T11:19:49","slug":"quien-soy-macarena-leon-fisio","status":"publish","type":"page","link":"https:\/\/fisiomacarenaleon.es\/?page_id=1319","title":{"rendered":"Qui\u00e9n soy"},"content":{"rendered":"\t\t<div data-elementor-type=\"wp-page\" data-elementor-id=\"1319\" class=\"elementor elementor-1319\">\n\t\t\t\t\t\t<section class=\"elementor-section elementor-top-section elementor-element elementor-element-c8ddeb6 elementor-section-height-min-height elementor-section-boxed elementor-section-height-default elementor-section-items-middle\" data-id=\"c8ddeb6\" data-element_type=\"section\" data-e-type=\"section\" data-settings=\"{&quot;background_background&quot;:&quot;classic&quot;}\">\n\t\t\t\t\t\t\t<div class=\"elementor-background-overlay\"><\/div>\n\t\t\t\t\t\t\t<div class=\"elementor-container elementor-column-gap-default\">\n\t\t\t\t\t<div class=\"elementor-column elementor-col-100 elementor-top-column elementor-element elementor-element-6a5337e\" data-id=\"6a5337e\" data-element_type=\"column\" data-e-type=\"column\">\n\t\t\t<div class=\"elementor-widget-wrap elementor-element-populated\">\n\t\t\t\t\t\t<div class=\"elementor-element elementor-element-feefb6c elementor-widget elementor-widget-heading\" data-id=\"feefb6c\" data-element_type=\"widget\" data-e-type=\"widget\" data-widget_type=\"heading.default\">\n\t\t\t\t<div class=\"elementor-widget-container\">\n\t\t\t\t\t<h1 class=\"elementor-heading-title elementor-size-default\">Qui\u00e9n soy<\/h1>\t\t\t\t<\/div>\n\t\t\t\t<\/div>\n\t\t\t\t\t<\/div>\n\t\t<\/div>\n\t\t\t\t\t<\/div>\n\t\t<\/section>\n\t\t\t\t<section class=\"elementor-section elementor-top-section elementor-element elementor-element-034f786 elementor-section-boxed elementor-section-height-default elementor-section-height-default\" data-id=\"034f786\" data-element_type=\"section\" data-e-type=\"section\">\n\t\t\t\t\t\t<div class=\"elementor-container elementor-column-gap-default\">\n\t\t\t\t\t<div class=\"elementor-column elementor-col-100 elementor-top-column elementor-element elementor-element-ba0c118\" data-id=\"ba0c118\" data-element_type=\"column\" data-e-type=\"column\">\n\t\t\t<div class=\"elementor-widget-wrap elementor-element-populated\">\n\t\t\t\t\t\t<div class=\"elementor-element elementor-element-3dc998b elementor-widget elementor-widget-heading\" data-id=\"3dc998b\" data-element_type=\"widget\" data-e-type=\"widget\" data-widget_type=\"heading.default\">\n\t\t\t\t<div class=\"elementor-widget-container\">\n\t\t\t\t\t<h4 class=\"elementor-heading-title elementor-size-medium\">Tras a\u00f1os de experiencia en diferentes cl\u00ednicas de fisioterapia y una completa formaci\u00f3n en osteopat\u00eda, <b>Macarena Le\u00f3n Fisioterapia y Osteopat\u00eda<\/b> nace con el objetivo de ofrecer un tratamiento individualizado y de calidad en Sevilla.<br><br>Focalizamos nuestros servicios tanto en la prevenci\u00f3n como en el tratamiento de toda patolog\u00eda derivada de las actividades de la vida diaria, actividades profesionales y pr\u00e1ctica del deporte. <\/h4>\t\t\t\t<\/div>\n\t\t\t\t<\/div>\n\t\t\t\t<div class=\"elementor-element elementor-element-9fdb291 elementor-widget elementor-widget-image\" data-id=\"9fdb291\" data-element_type=\"widget\" data-e-type=\"widget\" data-widget_type=\"image.default\">\n\t\t\t\t<div class=\"elementor-widget-container\">\n\t\t\t\t\t\t\t\t\t\t\t\t\t\t\t<img decoding=\"async\" src=\"https:\/\/fisiomacarenaleon.es\/wp-content\/uploads\/Macarena_Leon_Fisioterapia_Osteopatia_Sevilla.jpg\" title=\"Macarena_Le\u00f3n_Fisioterapia_Osteopat\u00eda_Sevilla\" alt=\"Macarena_Le\u00f3n_Fisioterapia_Osteopat\u00eda_Sevilla\" loading=\"lazy\" \/>\t\t\t\t\t\t\t\t\t\t\t\t\t\t\t<\/div>\n\t\t\t\t<\/div>\n\t\t\t\t<section class=\"elementor-section elementor-inner-section elementor-element elementor-element-d762106 elementor-section-boxed elementor-section-height-default elementor-section-height-default\" data-id=\"d762106\" data-element_type=\"section\" data-e-type=\"section\">\n\t\t\t\t\t\t<div class=\"elementor-container elementor-column-gap-default\">\n\t\t\t\t\t<div class=\"elementor-column elementor-col-50 elementor-inner-column elementor-element elementor-element-08ec54c\" data-id=\"08ec54c\" data-element_type=\"column\" data-e-type=\"column\">\n\t\t\t<div class=\"elementor-widget-wrap elementor-element-populated\">\n\t\t\t\t\t\t<div class=\"elementor-element elementor-element-d35be41 elementor-widget elementor-widget-heading\" data-id=\"d35be41\" data-element_type=\"widget\" data-e-type=\"widget\" data-widget_type=\"heading.default\">\n\t\t\t\t<div class=\"elementor-widget-container\">\n\t\t\t\t\t<h3 class=\"elementor-heading-title elementor-size-default\">Colegiada<\/h3>\t\t\t\t<\/div>\n\t\t\t\t<\/div>\n\t\t\t\t<div class=\"elementor-element elementor-element-8fa3d11 elementor-widget elementor-widget-text-editor\" data-id=\"8fa3d11\" data-element_type=\"widget\" data-e-type=\"widget\" data-widget_type=\"text-editor.default\">\n\t\t\t\t<div class=\"elementor-widget-container\">\n\t\t\t\t\t\t\t\t\t<p>Colegiada 6145 por el Ilustre Colegio de Fisioterapeutas de Andaluc\u00eda (ICFA). NICA del centro de fisioterapia 62880.<\/p>\t\t\t\t\t\t\t\t<\/div>\n\t\t\t\t<\/div>\n\t\t\t\t\t<\/div>\n\t\t<\/div>\n\t\t\t\t<div class=\"elementor-column elementor-col-50 elementor-inner-column elementor-element elementor-element-d30d7a1\" data-id=\"d30d7a1\" data-element_type=\"column\" data-e-type=\"column\">\n\t\t\t<div class=\"elementor-widget-wrap elementor-element-populated\">\n\t\t\t\t\t\t<div class=\"elementor-element elementor-element-6260bc9 elementor-widget elementor-widget-heading\" data-id=\"6260bc9\" data-element_type=\"widget\" data-e-type=\"widget\" data-widget_type=\"heading.default\">\n\t\t\t\t<div class=\"elementor-widget-container\">\n\t\t\t\t\t<h3 class=\"elementor-heading-title elementor-size-default\">Titulaciones y Experiencia<\/h3>\t\t\t\t<\/div>\n\t\t\t\t<\/div>\n\t\t\t\t<div class=\"elementor-element elementor-element-3a99000 elementor-widget elementor-widget-text-editor\" data-id=\"3a99000\" data-element_type=\"widget\" data-e-type=\"widget\" data-widget_type=\"text-editor.default\">\n\t\t\t\t<div class=\"elementor-widget-container\">\n\t\t\t\t\t\t\t\t\t<p>Graduada en Fisioterapia por la Universidad de Sevilla y M\u00e1ster de Especializaci\u00f3n en Terapia Manual y Osteopat\u00eda por la EOM.\u00a0<\/p>\t\t\t\t\t\t\t\t<\/div>\n\t\t\t\t<\/div>\n\t\t\t\t\t<\/div>\n\t\t<\/div>\n\t\t\t\t\t<\/div>\n\t\t<\/section>\n\t\t\t\t\t<\/div>\n\t\t<\/div>\n\t\t\t\t\t<\/div>\n\t\t<\/section>\n\t\t\t\t<section class=\"elementor-section elementor-top-section elementor-element elementor-element-004c3ce elementor-section-boxed elementor-section-height-default elementor-section-height-default\" data-id=\"004c3ce\" data-element_type=\"section\" data-e-type=\"section\" data-settings=\"{&quot;background_background&quot;:&quot;gradient&quot;}\">\n\t\t\t\t\t\t<div class=\"elementor-container elementor-column-gap-default\">\n\t\t\t\t\t<div class=\"elementor-column elementor-col-100 elementor-top-column elementor-element elementor-element-bfba9ae\" data-id=\"bfba9ae\" data-element_type=\"column\" data-e-type=\"column\">\n\t\t\t<div class=\"elementor-widget-wrap elementor-element-populated\">\n\t\t\t\t\t\t<div class=\"elementor-element elementor-element-e2c81d7 elementor-widget elementor-widget-heading\" data-id=\"e2c81d7\" data-element_type=\"widget\" data-e-type=\"widget\" data-widget_type=\"heading.default\">\n\t\t\t\t<div class=\"elementor-widget-container\">\n\t\t\t\t\t<h2 class=\"elementor-heading-title elementor-size-default\">Nuestros espacios<\/h2>\t\t\t\t<\/div>\n\t\t\t\t<\/div>\n\t\t\t\t<div class=\"elementor-element elementor-element-d717f94 elementor-widget elementor-widget-text-editor\" data-id=\"d717f94\" data-element_type=\"widget\" data-e-type=\"widget\" data-widget_type=\"text-editor.default\">\n\t\t\t\t<div class=\"elementor-widget-container\">\n\t\t\t\t\t\t\t\t\t<p>En la cl\u00ednica de fisioterapia y osteopat\u00eda Fisio Macarena Le\u00f3n con dos salas de consultas, gimnasio independiente y sala de recepci\u00f3n. Todos los espacios son adaptados para cualquier persona con discapacidad o diversidad funcional.<\/p>\t\t\t\t\t\t\t\t<\/div>\n\t\t\t\t<\/div>\n\t\t\t\t<div class=\"elementor-element elementor-element-c3e615e elementor-arrows-position-inside elementor-pagination-position-outside elementor-widget elementor-widget-image-carousel\" data-id=\"c3e615e\" data-element_type=\"widget\" data-e-type=\"widget\" data-settings=\"{&quot;navigation&quot;:&quot;both&quot;,&quot;autoplay&quot;:&quot;yes&quot;,&quot;pause_on_hover&quot;:&quot;yes&quot;,&quot;pause_on_interaction&quot;:&quot;yes&quot;,&quot;autoplay_speed&quot;:5000,&quot;infinite&quot;:&quot;yes&quot;,&quot;speed&quot;:500}\" data-widget_type=\"image-carousel.default\">\n\t\t\t\t<div class=\"elementor-widget-container\">\n\t\t\t\t\t\t\t<div class=\"elementor-image-carousel-wrapper swiper\" role=\"region\" aria-roledescription=\"carousel\" aria-label=\"Carrusel de im\u00e1genes\" dir=\"ltr\">\n\t\t\t<div class=\"elementor-image-carousel swiper-wrapper\" aria-live=\"off\">\n\t\t\t\t\t\t\t\t<div class=\"swiper-slide\" role=\"group\" aria-roledescription=\"slide\" aria-label=\"1 de 3\"><figure class=\"swiper-slide-inner\"><img decoding=\"async\" class=\"swiper-slide-image\" src=\"https:\/\/fisiomacarenaleon.es\/wp-content\/uploads\/WhatsApp-Image-2023-08-26-at-16.17.50-3-300x225.jpeg\" alt=\"Macarena Le\u00f3n - Cl\u00ednica de Fisioterapia y Osteopat\u00eda Sevilla\" \/><\/figure><\/div><div class=\"swiper-slide\" role=\"group\" aria-roledescription=\"slide\" aria-label=\"2 de 3\"><figure class=\"swiper-slide-inner\"><img decoding=\"async\" class=\"swiper-slide-image\" src=\"https:\/\/fisiomacarenaleon.es\/wp-content\/uploads\/WhatsApp-Image-2023-08-26-at-16.17.50-1-300x225.jpeg\" alt=\"Macarena Le\u00f3n - Cl\u00ednica de Fisioterapia y Osteopat\u00eda Sevilla\" \/><\/figure><\/div><div class=\"swiper-slide\" role=\"group\" aria-roledescription=\"slide\" aria-label=\"3 de 3\"><figure class=\"swiper-slide-inner\"><img decoding=\"async\" class=\"swiper-slide-image\" src=\"https:\/\/fisiomacarenaleon.es\/wp-content\/uploads\/WhatsApp-Image-2023-08-26-at-16.17.50-300x225.jpeg\" alt=\"Macarena Le\u00f3n - Cl\u00ednica de Fisioterapia y Osteopat\u00eda Sevilla\" \/><\/figure><\/div>\t\t\t<\/div>\n\t\t\t\t\t\t\t\t\t\t\t\t<div class=\"elementor-swiper-button elementor-swiper-button-prev\" role=\"button\" tabindex=\"0\">\n\t\t\t\t\t\t<i aria-hidden=\"true\" class=\"eicon-chevron-left\"><\/i>\t\t\t\t\t<\/div>\n\t\t\t\t\t<div class=\"elementor-swiper-button elementor-swiper-button-next\" role=\"button\" tabindex=\"0\">\n\t\t\t\t\t\t<i aria-hidden=\"true\" class=\"eicon-chevron-right\"><\/i>\t\t\t\t\t<\/div>\n\t\t\t\t\n\t\t\t\t\t\t\t\t\t<div class=\"swiper-pagination\"><\/div>\n\t\t\t\t\t\t\t\t\t<\/div>\n\t\t\t\t\t\t<\/div>\n\t\t\t\t<\/div>\n\t\t\t\t\t<\/div>\n\t\t<\/div>\n\t\t\t\t\t<\/div>\n\t\t<\/section>\n\t\t\t\t<\/div>\n\t\t","protected":false},"excerpt":{"rendered":"<p>Qui\u00e9n soy Tras a\u00f1os de experiencia en diferentes cl\u00ednicas de fisioterapia y una completa formaci\u00f3n en osteopat\u00eda, Macarena Le\u00f3n Fisioterapia y Osteopat\u00eda nace con el objetivo de ofrecer un tratamiento individualizado y de calidad en Sevilla. Focalizamos nuestros servicios tanto en la prevenci\u00f3n como en el tratamiento de toda patolog\u00eda derivada de las actividades de &hellip;<\/p>\n<p class=\"read-more\"> <a class=\"\" href=\"https:\/\/fisiomacarenaleon.es\/?page_id=1319\"> <span class=\"screen-reader-text\">Qui\u00e9n soy<\/span> Leer m\u00e1s &raquo;<\/a><\/p>\n","protected":false},"author":1,"featured_media":0,"parent":0,"menu_order":0,"comment_status":"closed","ping_status":"closed","template":"","meta":{"_uag_custom_page_level_css":"","site-sidebar-layout":"no-sidebar","site-content-layout":"page-builder","ast-global-header-display":"","ast-banner-title-visibility":"","ast-main-header-display":"","ast-hfb-above-header-display":"","ast-hfb-below-header-display":"","ast-hfb-mobile-header-display":"","site-post-title":"disabled","ast-breadcrumbs-content":"","ast-featured-img":"disabled","footer-sml-layout":"","theme-transparent-header-meta":"enabled","adv-header-id-meta":"","stick-header-meta":"","header-above-stick-meta":"","header-main-stick-meta":"","header-below-stick-meta":"","footnotes":""},"class_list":["post-1319","page","type-page","status-publish","hentry"],"yoast_head":"<!-- This site is optimized with the Yoast SEO plugin v21.5 - https:\/\/yoast.com\/wordpress\/plugins\/seo\/ -->\n<title>Qui\u00e9n soy - Fisio Macarena Le\u00f3n<\/title>\n<meta name=\"description\" content=\"Soy Macarena Le\u00f3n, fisioterapeuta y oste\u00f3pata en la cl\u00ednica Fisio Macarena Le\u00f3n, donde ofrecemos todo tipo de servicios de fisioterapia y osteopat\u00eda en Sevilla.\" \/>\n<meta name=\"robots\" content=\"index, follow, max-snippet:-1, max-image-preview:large, max-video-preview:-1\" \/>\n<link rel=\"canonical\" href=\"https:\/\/fisiomacarenaleon.es\/?page_id=1319\" \/>\n<meta property=\"og:locale\" content=\"es_ES\" \/>\n<meta property=\"og:type\" content=\"article\" \/>\n<meta property=\"og:title\" content=\"Qui\u00e9n soy - Fisio Macarena Le\u00f3n\" \/>\n<meta property=\"og:description\" content=\"Soy Macarena Le\u00f3n, fisioterapeuta y oste\u00f3pata en la cl\u00ednica Fisio Macarena Le\u00f3n, donde ofrecemos todo tipo de servicios de fisioterapia y osteopat\u00eda en Sevilla.\" \/>\n<meta property=\"og:url\" content=\"https:\/\/fisiomacarenaleon.es\/?page_id=1319\" \/>\n<meta property=\"og:site_name\" content=\"Fisio Macarena Le\u00f3n\" \/>\n<meta property=\"article:modified_time\" content=\"2023-11-23T11:19:49+00:00\" \/>\n<meta property=\"og:image\" content=\"http:\/\/fisiomacarenaleon.es\/wp-content\/uploads\/elementor\/thumbs\/Macarena_Leon_Fisioterapia_Osteopatia_Sevilla-qfs42cmjntqwegz1xyae8luxgdxqpqz81igue11eh4.jpg\" \/>\n<meta name=\"twitter:card\" content=\"summary_large_image\" \/>\n<meta name=\"twitter:label1\" content=\"Tiempo de lectura\" \/>\n\t<meta name=\"twitter:data1\" content=\"2 minutos\" \/>\n<script type=\"application\/ld+json\" class=\"yoast-schema-graph\">{\"@context\":\"https:\/\/schema.org\",\"@graph\":[{\"@type\":\"WebPage\",\"@id\":\"https:\/\/fisiomacarenaleon.es\/?page_id=1319\",\"url\":\"https:\/\/fisiomacarenaleon.es\/?page_id=1319\",\"name\":\"Qui\u00e9n soy - Fisio Macarena Le\u00f3n\",\"isPartOf\":{\"@id\":\"https:\/\/fisiomacarenaleon.es\/#website\"},\"datePublished\":\"2021-11-21T15:14:19+00:00\",\"dateModified\":\"2023-11-23T11:19:49+00:00\",\"description\":\"Soy Macarena Le\u00f3n, fisioterapeuta y oste\u00f3pata en la cl\u00ednica Fisio Macarena Le\u00f3n, donde ofrecemos todo tipo de servicios de fisioterapia y osteopat\u00eda en Sevilla.\",\"breadcrumb\":{\"@id\":\"https:\/\/fisiomacarenaleon.es\/?page_id=1319#breadcrumb\"},\"inLanguage\":\"es\",\"potentialAction\":[{\"@type\":\"ReadAction\",\"target\":[\"https:\/\/fisiomacarenaleon.es\/?page_id=1319\"]}]},{\"@type\":\"BreadcrumbList\",\"@id\":\"https:\/\/fisiomacarenaleon.es\/?page_id=1319#breadcrumb\",\"itemListElement\":[{\"@type\":\"ListItem\",\"position\":1,\"name\":\"Portada\",\"item\":\"https:\/\/fisiomacarenaleon.es\/\"},{\"@type\":\"ListItem\",\"position\":2,\"name\":\"Qui\u00e9n soy\"}]},{\"@type\":\"WebSite\",\"@id\":\"https:\/\/fisiomacarenaleon.es\/#website\",\"url\":\"https:\/\/fisiomacarenaleon.es\/\",\"name\":\"Fisio Macarena Le\u00f3n\",\"description\":\"Cl\u00ednica de Fisioterapia y Osteopat\u00eda en Sevilla\",\"publisher\":{\"@id\":\"https:\/\/fisiomacarenaleon.es\/#organization\"},\"potentialAction\":[{\"@type\":\"SearchAction\",\"target\":{\"@type\":\"EntryPoint\",\"urlTemplate\":\"https:\/\/fisiomacarenaleon.es\/?s={search_term_string}\"},\"query-input\":\"required name=search_term_string\"}],\"inLanguage\":\"es\"},{\"@type\":\"Organization\",\"@id\":\"https:\/\/fisiomacarenaleon.es\/#organization\",\"name\":\"Fisio Macarena Le\u00f3n\",\"url\":\"https:\/\/fisiomacarenaleon.es\/\",\"logo\":{\"@type\":\"ImageObject\",\"inLanguage\":\"es\",\"@id\":\"https:\/\/fisiomacarenaleon.es\/#\/schema\/logo\/image\/\",\"url\":\"https:\/\/fisiomacarenaleon.es\/wp-content\/uploads\/Logo_Macarena_Leon_Fisio.png\",\"contentUrl\":\"https:\/\/fisiomacarenaleon.es\/wp-content\/uploads\/Logo_Macarena_Leon_Fisio.png\",\"width\":2362,\"height\":2362,\"caption\":\"Fisio Macarena Le\u00f3n\"},\"image\":{\"@id\":\"https:\/\/fisiomacarenaleon.es\/#\/schema\/logo\/image\/\"},\"sameAs\":[\"https:\/\/www.instagram.com\/fisiomacarenaleon\/\"]}]}<\/script>\n<!-- \/ Yoast SEO plugin. -->","yoast_head_json":{"title":"Qui\u00e9n soy - Fisio Macarena Le\u00f3n","description":"Soy Macarena Le\u00f3n, fisioterapeuta y oste\u00f3pata en la cl\u00ednica Fisio Macarena Le\u00f3n, donde ofrecemos todo tipo de servicios de fisioterapia y osteopat\u00eda en Sevilla.","robots":{"index":"index","follow":"follow","max-snippet":"max-snippet:-1","max-image-preview":"max-image-preview:large","max-video-preview":"max-video-preview:-1"},"canonical":"https:\/\/fisiomacarenaleon.es\/?page_id=1319","og_locale":"es_ES","og_type":"article","og_title":"Qui\u00e9n soy - Fisio Macarena Le\u00f3n","og_description":"Soy Macarena Le\u00f3n, fisioterapeuta y oste\u00f3pata en la cl\u00ednica Fisio Macarena Le\u00f3n, donde ofrecemos todo tipo de servicios de fisioterapia y osteopat\u00eda en Sevilla.","og_url":"https:\/\/fisiomacarenaleon.es\/?page_id=1319","og_site_name":"Fisio Macarena Le\u00f3n","article_modified_time":"2023-11-23T11:19:49+00:00","og_image":[{"url":"http:\/\/fisiomacarenaleon.es\/wp-content\/uploads\/elementor\/thumbs\/Macarena_Leon_Fisioterapia_Osteopatia_Sevilla-qfs42cmjntqwegz1xyae8luxgdxqpqz81igue11eh4.jpg"}],"twitter_card":"summary_large_image","twitter_misc":{"Tiempo de lectura":"2 minutos"},"schema":{"@context":"https:\/\/schema.org","@graph":[{"@type":"WebPage","@id":"https:\/\/fisiomacarenaleon.es\/?page_id=1319","url":"https:\/\/fisiomacarenaleon.es\/?page_id=1319","name":"Qui\u00e9n soy - Fisio Macarena Le\u00f3n","isPartOf":{"@id":"https:\/\/fisiomacarenaleon.es\/#website"},"datePublished":"2021-11-21T15:14:19+00:00","dateModified":"2023-11-23T11:19:49+00:00","description":"Soy Macarena Le\u00f3n, fisioterapeuta y oste\u00f3pata en la cl\u00ednica Fisio Macarena Le\u00f3n, donde ofrecemos todo tipo de servicios de fisioterapia y osteopat\u00eda en Sevilla.","breadcrumb":{"@id":"https:\/\/fisiomacarenaleon.es\/?page_id=1319#breadcrumb"},"inLanguage":"es","potentialAction":[{"@type":"ReadAction","target":["https:\/\/fisiomacarenaleon.es\/?page_id=1319"]}]},{"@type":"BreadcrumbList","@id":"https:\/\/fisiomacarenaleon.es\/?page_id=1319#breadcrumb","itemListElement":[{"@type":"ListItem","position":1,"name":"Portada","item":"https:\/\/fisiomacarenaleon.es\/"},{"@type":"ListItem","position":2,"name":"Qui\u00e9n soy"}]},{"@type":"WebSite","@id":"https:\/\/fisiomacarenaleon.es\/#website","url":"https:\/\/fisiomacarenaleon.es\/","name":"Fisio Macarena Le\u00f3n","description":"Cl\u00ednica de Fisioterapia y Osteopat\u00eda en Sevilla","publisher":{"@id":"https:\/\/fisiomacarenaleon.es\/#organization"},"potentialAction":[{"@type":"SearchAction","target":{"@type":"EntryPoint","urlTemplate":"https:\/\/fisiomacarenaleon.es\/?s={search_term_string}"},"query-input":"required name=search_term_string"}],"inLanguage":"es"},{"@type":"Organization","@id":"https:\/\/fisiomacarenaleon.es\/#organization","name":"Fisio Macarena Le\u00f3n","url":"https:\/\/fisiomacarenaleon.es\/","logo":{"@type":"ImageObject","inLanguage":"es","@id":"https:\/\/fisiomacarenaleon.es\/#\/schema\/logo\/image\/","url":"https:\/\/fisiomacarenaleon.es\/wp-content\/uploads\/Logo_Macarena_Leon_Fisio.png","contentUrl":"https:\/\/fisiomacarenaleon.es\/wp-content\/uploads\/Logo_Macarena_Leon_Fisio.png","width":2362,"height":2362,"caption":"Fisio Macarena Le\u00f3n"},"image":{"@id":"https:\/\/fisiomacarenaleon.es\/#\/schema\/logo\/image\/"},"sameAs":["https:\/\/www.instagram.com\/fisiomacarenaleon\/"]}]}},"uagb_featured_image_src":{"full":false,"thumbnail":false,"medium":false,"medium_large":false,"large":false,"1536x1536":false,"2048x2048":false},"uagb_author_info":{"display_name":"fisiomacarenaleon.es","author_link":"https:\/\/fisiomacarenaleon.es\/?author=1"},"uagb_comment_info":0,"uagb_excerpt":"Qui\u00e9n soy Tras a\u00f1os de experiencia en diferentes cl\u00ednicas de fisioterapia y una completa formaci\u00f3n en osteopat\u00eda, Macarena Le\u00f3n Fisioterapia y Osteopat\u00eda nace con el objetivo de ofrecer un tratamiento individualizado y de calidad en Sevilla. Focalizamos nuestros servicios tanto en la prevenci\u00f3n como en el tratamiento de toda patolog\u00eda derivada de las actividades de&hellip;","_links":{"self":[{"href":"https:\/\/fisiomacarenaleon.es\/index.php?rest_route=\/wp\/v2\/pages\/1319","targetHints":{"allow":["GET"]}}],"collection":[{"href":"https:\/\/fisiomacarenaleon.es\/index.php?rest_route=\/wp\/v2\/pages"}],"about":[{"href":"https:\/\/fisiomacarenaleon.es\/index.php?rest_route=\/wp\/v2\/types\/page"}],"author":[{"embeddable":true,"href":"https:\/\/fisiomacarenaleon.es\/index.php?rest_route=\/wp\/v2\/users\/1"}],"replies":[{"embeddable":true,"href":"https:\/\/fisiomacarenaleon.es\/index.php?rest_route=%2Fwp%2Fv2%2Fcomments&post=1319"}],"version-history":[{"count":41,"href":"https:\/\/fisiomacarenaleon.es\/index.php?rest_route=\/wp\/v2\/pages\/1319\/revisions"}],"predecessor-version":[{"id":1586,"href":"https:\/\/fisiomacarenaleon.es\/index.php?rest_route=\/wp\/v2\/pages\/1319\/revisions\/1586"}],"wp:attachment":[{"href":"https:\/\/fisiomacarenaleon.es\/index.php?rest_route=%2Fwp%2Fv2%2Fmedia&parent=1319"}],"curies":[{"name":"wp","href":"https:\/\/api.w.org\/{rel}","templated":true}]}}