{"id":1320,"date":"2021-11-21T15:14:41","date_gmt":"2021-11-21T15:14:41","guid":{"rendered":"https:\/\/fisiomacarenaleon.es\/?page_id=1320"},"modified":"2025-08-25T15:01:17","modified_gmt":"2025-08-25T15:01:17","slug":"servicios-fisioterapia-osteopatia","status":"publish","type":"page","link":"https:\/\/fisiomacarenaleon.es\/?page_id=1320","title":{"rendered":"Servicios"},"content":{"rendered":"\t\t<div data-elementor-type=\"wp-page\" data-elementor-id=\"1320\" class=\"elementor elementor-1320\">\n\t\t\t\t\t\t<section class=\"elementor-section elementor-top-section elementor-element elementor-element-83746e8 elementor-section-height-min-height elementor-section-boxed elementor-section-height-default elementor-section-items-middle\" data-id=\"83746e8\" data-element_type=\"section\" data-e-type=\"section\" data-settings=\"{&quot;background_background&quot;:&quot;classic&quot;}\">\n\t\t\t\t\t\t\t<div class=\"elementor-background-overlay\"><\/div>\n\t\t\t\t\t\t\t<div class=\"elementor-container elementor-column-gap-default\">\n\t\t\t\t\t<div class=\"elementor-column elementor-col-100 elementor-top-column elementor-element elementor-element-09faee3\" data-id=\"09faee3\" data-element_type=\"column\" data-e-type=\"column\">\n\t\t\t<div class=\"elementor-widget-wrap elementor-element-populated\">\n\t\t\t\t\t\t<div class=\"elementor-element elementor-element-c7152a9 elementor-widget elementor-widget-heading\" data-id=\"c7152a9\" data-element_type=\"widget\" data-e-type=\"widget\" data-widget_type=\"heading.default\">\n\t\t\t\t<div class=\"elementor-widget-container\">\n\t\t\t\t\t<h1 class=\"elementor-heading-title elementor-size-default\">Servicios y tarifas<\/h1>\t\t\t\t<\/div>\n\t\t\t\t<\/div>\n\t\t\t\t\t<\/div>\n\t\t<\/div>\n\t\t\t\t\t<\/div>\n\t\t<\/section>\n\t\t\t\t<section class=\"elementor-section elementor-top-section elementor-element elementor-element-a92bf94 elementor-section-boxed elementor-section-height-default elementor-section-height-default\" data-id=\"a92bf94\" data-element_type=\"section\" data-e-type=\"section\">\n\t\t\t\t\t\t<div class=\"elementor-container elementor-column-gap-default\">\n\t\t\t\t\t<div class=\"elementor-column elementor-col-100 elementor-top-column elementor-element elementor-element-7d00c84\" data-id=\"7d00c84\" data-element_type=\"column\" data-e-type=\"column\">\n\t\t\t<div class=\"elementor-widget-wrap elementor-element-populated\">\n\t\t\t\t\t\t<div class=\"elementor-element elementor-element-91fa457 elementor-widget elementor-widget-heading\" data-id=\"91fa457\" data-element_type=\"widget\" data-e-type=\"widget\" data-widget_type=\"heading.default\">\n\t\t\t\t<div class=\"elementor-widget-container\">\n\t\t\t\t\t<h2 class=\"elementor-heading-title elementor-size-default\">Diagn\u00f3stico previo<\/h2>\t\t\t\t<\/div>\n\t\t\t\t<\/div>\n\t\t\t\t<div class=\"elementor-element elementor-element-c31e03f elementor-widget elementor-widget-text-editor\" data-id=\"c31e03f\" data-element_type=\"widget\" data-e-type=\"widget\" data-widget_type=\"text-editor.default\">\n\t\t\t\t<div class=\"elementor-widget-container\">\n\t\t\t\t\t\t\t\t\t<p>En Macarena Le\u00f3n Fisioterapia y Osteopat\u00eda buscamos mejorar la calidad de vida de nuestros pacientes. Para ello, nuestros servicios se basan en un diagn\u00f3stico previo y acertado, donde es vital el entendimiento y compresi\u00f3n de la dolencia y\/o lesi\u00f3n por parte del propio paciente. Una vez presentado este diagn\u00f3stico, garantizamos una efectiva y comprometida selecci\u00f3n de t\u00e9cnicas y tratamientos de fisioterapia y osteopat\u00eda para paliar las dolencias en el menor tiempo posible.<\/p>\t\t\t\t\t\t\t\t<\/div>\n\t\t\t\t<\/div>\n\t\t\t\t<div class=\"elementor-element elementor-element-e1a3ab1 elementor-widget-divider--view-line elementor-widget elementor-widget-divider\" data-id=\"e1a3ab1\" data-element_type=\"widget\" data-e-type=\"widget\" data-widget_type=\"divider.default\">\n\t\t\t\t<div class=\"elementor-widget-container\">\n\t\t\t\t\t\t\t<div class=\"elementor-divider\">\n\t\t\t<span class=\"elementor-divider-separator\">\n\t\t\t\t\t\t<\/span>\n\t\t<\/div>\n\t\t\t\t\t\t<\/div>\n\t\t\t\t<\/div>\n\t\t\t\t\t<\/div>\n\t\t<\/div>\n\t\t\t\t\t<\/div>\n\t\t<\/section>\n\t\t\t\t<section class=\"elementor-section elementor-top-section elementor-element elementor-element-81b0575 elementor-section-boxed elementor-section-height-default elementor-section-height-default\" data-id=\"81b0575\" data-element_type=\"section\" data-e-type=\"section\">\n\t\t\t\t\t\t<div class=\"elementor-container elementor-column-gap-default\">\n\t\t\t\t\t<div class=\"elementor-column elementor-col-50 elementor-top-column elementor-element elementor-element-97c09ce\" data-id=\"97c09ce\" data-element_type=\"column\" data-e-type=\"column\">\n\t\t\t<div class=\"elementor-widget-wrap elementor-element-populated\">\n\t\t\t\t\t\t<div class=\"elementor-element elementor-element-56a71a0 elementor-widget elementor-widget-heading\" data-id=\"56a71a0\" data-element_type=\"widget\" data-e-type=\"widget\" data-widget_type=\"heading.default\">\n\t\t\t\t<div class=\"elementor-widget-container\">\n\t\t\t\t\t<h2 class=\"elementor-heading-title elementor-size-default\">Servicios de Fisioterapia y m\u00e1s<\/h2>\t\t\t\t<\/div>\n\t\t\t\t<\/div>\n\t\t\t\t<div class=\"elementor-element elementor-element-5f6a7dc elementor-widget elementor-widget-text-editor\" data-id=\"5f6a7dc\" data-element_type=\"widget\" data-e-type=\"widget\" data-widget_type=\"text-editor.default\">\n\t\t\t\t<div class=\"elementor-widget-container\">\n\t\t\t\t\t\t\t\t\t<ul><li>Fisioterapia traumatol\u00f3gica y ortop\u00e9dica<\/li><li>Fisioterapia deportiva y readaptaci\u00f3n de lesiones<\/li><li>Fisioterapia reumatol\u00f3gica y geri\u00e1trica<\/li><li>Fisioterapia respiratoria y cardiovascular<\/li><li>Fisioterapia preventiva<\/li><li>Fisioterapia dermatol\u00f3gica<\/li><li>Terapia manual osteop\u00e1tica (Osteopat\u00eda estructural, craneal y visceral)<\/li><li>Tratamiento del dolor<\/li><li>Drenaje linf\u00e1tico\u00a0<\/li><li>Pilates terap\u00e9utico y ejercicio funcional<\/li><li>Reeducaci\u00f3n postural, de la marcha y potenciador muscular<\/li><li>Fisioterapia domiciliaria<\/li><\/ul>\t\t\t\t\t\t\t\t<\/div>\n\t\t\t\t<\/div>\n\t\t\t\t<div class=\"elementor-element elementor-element-9c8c3a4 elementor-widget-divider--view-line elementor-widget elementor-widget-divider\" data-id=\"9c8c3a4\" data-element_type=\"widget\" data-e-type=\"widget\" data-widget_type=\"divider.default\">\n\t\t\t\t<div class=\"elementor-widget-container\">\n\t\t\t\t\t\t\t<div class=\"elementor-divider\">\n\t\t\t<span class=\"elementor-divider-separator\">\n\t\t\t\t\t\t<\/span>\n\t\t<\/div>\n\t\t\t\t\t\t<\/div>\n\t\t\t\t<\/div>\n\t\t\t\t<div class=\"elementor-element elementor-element-9c10f08 elementor-widget elementor-widget-heading\" data-id=\"9c10f08\" data-element_type=\"widget\" data-e-type=\"widget\" data-widget_type=\"heading.default\">\n\t\t\t\t<div class=\"elementor-widget-container\">\n\t\t\t\t\t<h2 class=\"elementor-heading-title elementor-size-default\">T\u00e9cnicas usadas<\/h2>\t\t\t\t<\/div>\n\t\t\t\t<\/div>\n\t\t\t\t<div class=\"elementor-element elementor-element-e6bf374 elementor-widget elementor-widget-text-editor\" data-id=\"e6bf374\" data-element_type=\"widget\" data-e-type=\"widget\" data-widget_type=\"text-editor.default\">\n\t\t\t\t<div class=\"elementor-widget-container\">\n\t\t\t\t\t\t\t\t\t<ul><li>Terapia manual.<\/li><li>Osteopat\u00eda.<\/li><li>Punci\u00f3n seca.<\/li><li>Electropunci\u00f3n o neuromodulaci\u00f3n.<\/li><li>Vendaje neuromuscular.<\/li><li>Electroterapia.<\/li><li>Termoterapia.<\/li><li>Pilates terap\u00e9utico.<\/li><li>Ejercicio terap\u00e9utico.<\/li><li>Drenaje linf\u00e1tico manual.<\/li><li>Terapia miofascial.<\/li><li>Fisioterapia a domicilio.<\/li><\/ul>\t\t\t\t\t\t\t\t<\/div>\n\t\t\t\t<\/div>\n\t\t\t\t\t<\/div>\n\t\t<\/div>\n\t\t\t\t<div class=\"elementor-column elementor-col-50 elementor-top-column elementor-element elementor-element-15cfb90\" data-id=\"15cfb90\" data-element_type=\"column\" data-e-type=\"column\">\n\t\t\t<div class=\"elementor-widget-wrap elementor-element-populated\">\n\t\t\t\t\t\t<div class=\"elementor-element elementor-element-5cd08e9 elementor-widget elementor-widget-image\" data-id=\"5cd08e9\" data-element_type=\"widget\" data-e-type=\"widget\" data-widget_type=\"image.default\">\n\t\t\t\t<div class=\"elementor-widget-container\">\n\t\t\t\t\t\t\t\t\t\t\t\t\t\t\t<img fetchpriority=\"high\" decoding=\"async\" width=\"1024\" height=\"683\" src=\"https:\/\/fisiomacarenaleon.es\/wp-content\/uploads\/mujer-joven-que-recibe-masaje-espalda-centro-spa-1024x683.jpg\" class=\"attachment-large size-large wp-image-1333\" alt=\"\" srcset=\"https:\/\/fisiomacarenaleon.es\/wp-content\/uploads\/mujer-joven-que-recibe-masaje-espalda-centro-spa-1024x683.jpg 1024w, https:\/\/fisiomacarenaleon.es\/wp-content\/uploads\/mujer-joven-que-recibe-masaje-espalda-centro-spa-300x200.jpg 300w, https:\/\/fisiomacarenaleon.es\/wp-content\/uploads\/mujer-joven-que-recibe-masaje-espalda-centro-spa-768x513.jpg 768w, https:\/\/fisiomacarenaleon.es\/wp-content\/uploads\/mujer-joven-que-recibe-masaje-espalda-centro-spa-1536x1025.jpg 1536w, https:\/\/fisiomacarenaleon.es\/wp-content\/uploads\/mujer-joven-que-recibe-masaje-espalda-centro-spa-2048x1367.jpg 2048w\" sizes=\"(max-width: 1024px) 100vw, 1024px\" \/>\t\t\t\t\t\t\t\t\t\t\t\t\t\t\t<\/div>\n\t\t\t\t<\/div>\n\t\t\t\t<div class=\"elementor-element elementor-element-28f3309 elementor-widget elementor-widget-image\" data-id=\"28f3309\" data-element_type=\"widget\" data-e-type=\"widget\" data-widget_type=\"image.default\">\n\t\t\t\t<div class=\"elementor-widget-container\">\n\t\t\t\t\t\t\t\t\t\t\t\t\t\t\t<img decoding=\"async\" width=\"1024\" height=\"682\" src=\"https:\/\/fisiomacarenaleon.es\/wp-content\/uploads\/physiotherapy-treatment-legs-5624920-1024x682.jpg\" class=\"attachment-large size-large wp-image-1513\" alt=\"physiotherapy, treatment, legs-5624920.jpg\" srcset=\"https:\/\/fisiomacarenaleon.es\/wp-content\/uploads\/physiotherapy-treatment-legs-5624920-1024x682.jpg 1024w, https:\/\/fisiomacarenaleon.es\/wp-content\/uploads\/physiotherapy-treatment-legs-5624920-300x200.jpg 300w, https:\/\/fisiomacarenaleon.es\/wp-content\/uploads\/physiotherapy-treatment-legs-5624920-768x512.jpg 768w, https:\/\/fisiomacarenaleon.es\/wp-content\/uploads\/physiotherapy-treatment-legs-5624920.jpg 1280w\" sizes=\"(max-width: 1024px) 100vw, 1024px\" \/>\t\t\t\t\t\t\t\t\t\t\t\t\t\t\t<\/div>\n\t\t\t\t<\/div>\n\t\t\t\t<div class=\"elementor-element elementor-element-74d25c8 elementor-widget elementor-widget-image\" data-id=\"74d25c8\" data-element_type=\"widget\" data-e-type=\"widget\" data-widget_type=\"image.default\">\n\t\t\t\t<div class=\"elementor-widget-container\">\n\t\t\t\t\t\t\t\t\t\t\t\t\t\t\t<img decoding=\"async\" width=\"1024\" height=\"576\" src=\"https:\/\/fisiomacarenaleon.es\/wp-content\/uploads\/pilates-stretching-yoga-1950971-1024x576.jpg\" class=\"attachment-large size-large wp-image-1514\" alt=\"pilates, stretching, yoga-1950971.jpg\" srcset=\"https:\/\/fisiomacarenaleon.es\/wp-content\/uploads\/pilates-stretching-yoga-1950971-1024x576.jpg 1024w, https:\/\/fisiomacarenaleon.es\/wp-content\/uploads\/pilates-stretching-yoga-1950971-300x169.jpg 300w, https:\/\/fisiomacarenaleon.es\/wp-content\/uploads\/pilates-stretching-yoga-1950971-768x432.jpg 768w, https:\/\/fisiomacarenaleon.es\/wp-content\/uploads\/pilates-stretching-yoga-1950971.jpg 1280w\" sizes=\"(max-width: 1024px) 100vw, 1024px\" \/>\t\t\t\t\t\t\t\t\t\t\t\t\t\t\t<\/div>\n\t\t\t\t<\/div>\n\t\t\t\t\t<\/div>\n\t\t<\/div>\n\t\t\t\t\t<\/div>\n\t\t<\/section>\n\t\t\t\t<section class=\"elementor-section elementor-top-section elementor-element elementor-element-dea3c09 elementor-section-boxed elementor-section-height-default elementor-section-height-default\" data-id=\"dea3c09\" data-element_type=\"section\" data-e-type=\"section\">\n\t\t\t\t\t\t<div class=\"elementor-container elementor-column-gap-default\">\n\t\t\t\t\t<div class=\"elementor-column elementor-col-100 elementor-top-column elementor-element elementor-element-037bca6\" data-id=\"037bca6\" data-element_type=\"column\" data-e-type=\"column\">\n\t\t\t<div class=\"elementor-widget-wrap elementor-element-populated\">\n\t\t\t\t\t\t<div class=\"elementor-element elementor-element-1d386d6 elementor-widget-divider--view-line elementor-widget elementor-widget-divider\" data-id=\"1d386d6\" data-element_type=\"widget\" data-e-type=\"widget\" data-widget_type=\"divider.default\">\n\t\t\t\t<div class=\"elementor-widget-container\">\n\t\t\t\t\t\t\t<div class=\"elementor-divider\">\n\t\t\t<span class=\"elementor-divider-separator\">\n\t\t\t\t\t\t<\/span>\n\t\t<\/div>\n\t\t\t\t\t\t<\/div>\n\t\t\t\t<\/div>\n\t\t\t\t<div class=\"elementor-element elementor-element-cc5b135 elementor-widget elementor-widget-heading\" data-id=\"cc5b135\" data-element_type=\"widget\" data-e-type=\"widget\" data-widget_type=\"heading.default\">\n\t\t\t\t<div class=\"elementor-widget-container\">\n\t\t\t\t\t<h2 class=\"elementor-heading-title elementor-size-default\">Tarifas<\/h2>\t\t\t\t<\/div>\n\t\t\t\t<\/div>\n\t\t\t\t<div class=\"elementor-element elementor-element-61be79f elementor-widget__width-initial elementor-widget elementor-widget-text-editor\" data-id=\"61be79f\" data-element_type=\"widget\" data-e-type=\"widget\" data-widget_type=\"text-editor.default\">\n\t\t\t\t<div class=\"elementor-widget-container\">\n\t\t\t\t\t\t\t\t\t<ul>\n<li>Fisioterapia (Sesi\u00f3n de Fisioterapia, 50 min. aprox.): <strong>35\u20ac<\/strong><\/li>\n<li>Fisioterapia (Bono 3 sesiones de Fisioterapia, 50 min. aprox.): <strong>96\u20ac<\/strong><\/li>\n<li>Fisioterapia (Bono 5 sesiones, 50 min. aprox.): <strong>145\u20ac<\/strong><\/li>\n<li>Pilates terap\u00e9utico (Bono 8 sesiones): <strong>220\u20ac&nbsp;<\/strong><\/li>\n<li><span style=\"font-style: inherit; font-weight: inherit; background-color: var(--ast-global-color-5); color: var(--ast-global-color-3);\">Pilates terap\u00e9utico (Bono mensual en grupo de hasta 4 personas): <strong>63\u20ac\/persona<\/strong><\/span><\/li>\n<li>Presoterapia (Bono 5 sesiones): <b>70\u20ac<\/b><\/li>\n<li>Presoterapia (Bono 10 sesiones):<b> 120\u20ac<\/b><\/li>\n<li><span style=\"font-style: inherit; font-weight: inherit; background-color: var(--ast-global-color-5); color: var(--ast-global-color-3);\">\u00a1Regala Salud! Pregunta por nuestras tarjetas de regalo (1 y 2 sesiones)<\/span><\/li>\n<li>Pregunte por nuestras tarifas para rehabilitaci\u00f3n<\/li>\n<\/ul>\t\t\t\t\t\t\t\t<\/div>\n\t\t\t\t<\/div>\n\t\t\t\t\t<\/div>\n\t\t<\/div>\n\t\t\t\t\t<\/div>\n\t\t<\/section>\n\t\t\t\t<\/div>\n\t\t","protected":false},"excerpt":{"rendered":"<p>Servicios y tarifas Diagn\u00f3stico previo En Macarena Le\u00f3n Fisioterapia y Osteopat\u00eda buscamos mejorar la calidad de vida de nuestros pacientes. Para ello, nuestros servicios se basan en un diagn\u00f3stico previo y acertado, donde es vital el entendimiento y compresi\u00f3n de la dolencia y\/o lesi\u00f3n por parte del propio paciente. Una vez presentado este diagn\u00f3stico, garantizamos &hellip;<\/p>\n<p class=\"read-more\"> <a class=\"\" href=\"https:\/\/fisiomacarenaleon.es\/?page_id=1320\"> <span class=\"screen-reader-text\">Servicios<\/span> Leer m\u00e1s &raquo;<\/a><\/p>\n","protected":false},"author":1,"featured_media":0,"parent":0,"menu_order":0,"comment_status":"closed","ping_status":"closed","template":"","meta":{"_uag_custom_page_level_css":"","site-sidebar-layout":"no-sidebar","site-content-layout":"page-builder","ast-global-header-display":"","ast-banner-title-visibility":"","ast-main-header-display":"","ast-hfb-above-header-display":"","ast-hfb-below-header-display":"","ast-hfb-mobile-header-display":"","site-post-title":"disabled","ast-breadcrumbs-content":"","ast-featured-img":"disabled","footer-sml-layout":"","theme-transparent-header-meta":"enabled","adv-header-id-meta":"","stick-header-meta":"","header-above-stick-meta":"","header-main-stick-meta":"","header-below-stick-meta":"","footnotes":""},"class_list":["post-1320","page","type-page","status-publish","hentry"],"yoast_head":"<!-- This site is optimized with the Yoast SEO plugin v21.5 - https:\/\/yoast.com\/wordpress\/plugins\/seo\/ -->\n<title>Servicios de Fisioterapia y Osteopat\u00eda en Sevilla - Macarena Le\u00f3n<\/title>\n<meta name=\"description\" content=\"Fisio Macarena Le\u00f3n te ofrece diferentes tratamientos y servicios de fisioterapia y osteopat\u00eda en Sevilla.\" \/>\n<meta name=\"robots\" content=\"index, follow, max-snippet:-1, max-image-preview:large, max-video-preview:-1\" \/>\n<link rel=\"canonical\" href=\"https:\/\/fisiomacarenaleon.es\/?page_id=1320\" \/>\n<meta property=\"og:locale\" content=\"es_ES\" \/>\n<meta property=\"og:type\" content=\"article\" \/>\n<meta property=\"og:title\" content=\"Servicios de Fisioterapia y Osteopat\u00eda en Sevilla - Macarena Le\u00f3n\" \/>\n<meta property=\"og:description\" content=\"Fisio Macarena Le\u00f3n te ofrece diferentes tratamientos y servicios de fisioterapia y osteopat\u00eda en Sevilla.\" \/>\n<meta property=\"og:url\" content=\"https:\/\/fisiomacarenaleon.es\/?page_id=1320\" \/>\n<meta property=\"og:site_name\" content=\"Fisio Macarena Le\u00f3n\" \/>\n<meta property=\"article:modified_time\" content=\"2025-08-25T15:01:17+00:00\" \/>\n<meta property=\"og:image\" content=\"http:\/\/fisiomacarenaleon.es\/wp-content\/uploads\/mujer-joven-que-recibe-masaje-espalda-centro-spa-1024x683.jpg\" \/>\n<meta name=\"twitter:card\" content=\"summary_large_image\" \/>\n<meta name=\"twitter:label1\" content=\"Tiempo de lectura\" \/>\n\t<meta name=\"twitter:data1\" content=\"2 minutos\" \/>\n<script type=\"application\/ld+json\" class=\"yoast-schema-graph\">{\"@context\":\"https:\/\/schema.org\",\"@graph\":[{\"@type\":\"WebPage\",\"@id\":\"https:\/\/fisiomacarenaleon.es\/?page_id=1320\",\"url\":\"https:\/\/fisiomacarenaleon.es\/?page_id=1320\",\"name\":\"Servicios de Fisioterapia y Osteopat\u00eda en Sevilla - Macarena Le\u00f3n\",\"isPartOf\":{\"@id\":\"https:\/\/fisiomacarenaleon.es\/#website\"},\"datePublished\":\"2021-11-21T15:14:41+00:00\",\"dateModified\":\"2025-08-25T15:01:17+00:00\",\"description\":\"Fisio Macarena Le\u00f3n te ofrece diferentes tratamientos y servicios de fisioterapia y osteopat\u00eda en Sevilla.\",\"breadcrumb\":{\"@id\":\"https:\/\/fisiomacarenaleon.es\/?page_id=1320#breadcrumb\"},\"inLanguage\":\"es\",\"potentialAction\":[{\"@type\":\"ReadAction\",\"target\":[\"https:\/\/fisiomacarenaleon.es\/?page_id=1320\"]}]},{\"@type\":\"BreadcrumbList\",\"@id\":\"https:\/\/fisiomacarenaleon.es\/?page_id=1320#breadcrumb\",\"itemListElement\":[{\"@type\":\"ListItem\",\"position\":1,\"name\":\"Portada\",\"item\":\"https:\/\/fisiomacarenaleon.es\/\"},{\"@type\":\"ListItem\",\"position\":2,\"name\":\"Servicios\"}]},{\"@type\":\"WebSite\",\"@id\":\"https:\/\/fisiomacarenaleon.es\/#website\",\"url\":\"https:\/\/fisiomacarenaleon.es\/\",\"name\":\"Fisio Macarena Le\u00f3n\",\"description\":\"Cl\u00ednica de Fisioterapia y Osteopat\u00eda en Sevilla\",\"publisher\":{\"@id\":\"https:\/\/fisiomacarenaleon.es\/#organization\"},\"potentialAction\":[{\"@type\":\"SearchAction\",\"target\":{\"@type\":\"EntryPoint\",\"urlTemplate\":\"https:\/\/fisiomacarenaleon.es\/?s={search_term_string}\"},\"query-input\":\"required name=search_term_string\"}],\"inLanguage\":\"es\"},{\"@type\":\"Organization\",\"@id\":\"https:\/\/fisiomacarenaleon.es\/#organization\",\"name\":\"Fisio Macarena Le\u00f3n\",\"url\":\"https:\/\/fisiomacarenaleon.es\/\",\"logo\":{\"@type\":\"ImageObject\",\"inLanguage\":\"es\",\"@id\":\"https:\/\/fisiomacarenaleon.es\/#\/schema\/logo\/image\/\",\"url\":\"https:\/\/fisiomacarenaleon.es\/wp-content\/uploads\/Logo_Macarena_Leon_Fisio.png\",\"contentUrl\":\"https:\/\/fisiomacarenaleon.es\/wp-content\/uploads\/Logo_Macarena_Leon_Fisio.png\",\"width\":2362,\"height\":2362,\"caption\":\"Fisio Macarena Le\u00f3n\"},\"image\":{\"@id\":\"https:\/\/fisiomacarenaleon.es\/#\/schema\/logo\/image\/\"},\"sameAs\":[\"https:\/\/www.instagram.com\/fisiomacarenaleon\/\"]}]}<\/script>\n<!-- \/ Yoast SEO plugin. -->","yoast_head_json":{"title":"Servicios de Fisioterapia y Osteopat\u00eda en Sevilla - Macarena Le\u00f3n","description":"Fisio Macarena Le\u00f3n te ofrece diferentes tratamientos y servicios de fisioterapia y osteopat\u00eda en Sevilla.","robots":{"index":"index","follow":"follow","max-snippet":"max-snippet:-1","max-image-preview":"max-image-preview:large","max-video-preview":"max-video-preview:-1"},"canonical":"https:\/\/fisiomacarenaleon.es\/?page_id=1320","og_locale":"es_ES","og_type":"article","og_title":"Servicios de Fisioterapia y Osteopat\u00eda en Sevilla - Macarena Le\u00f3n","og_description":"Fisio Macarena Le\u00f3n te ofrece diferentes tratamientos y servicios de fisioterapia y osteopat\u00eda en Sevilla.","og_url":"https:\/\/fisiomacarenaleon.es\/?page_id=1320","og_site_name":"Fisio Macarena Le\u00f3n","article_modified_time":"2025-08-25T15:01:17+00:00","og_image":[{"url":"http:\/\/fisiomacarenaleon.es\/wp-content\/uploads\/mujer-joven-que-recibe-masaje-espalda-centro-spa-1024x683.jpg"}],"twitter_card":"summary_large_image","twitter_misc":{"Tiempo de lectura":"2 minutos"},"schema":{"@context":"https:\/\/schema.org","@graph":[{"@type":"WebPage","@id":"https:\/\/fisiomacarenaleon.es\/?page_id=1320","url":"https:\/\/fisiomacarenaleon.es\/?page_id=1320","name":"Servicios de Fisioterapia y Osteopat\u00eda en Sevilla - Macarena Le\u00f3n","isPartOf":{"@id":"https:\/\/fisiomacarenaleon.es\/#website"},"datePublished":"2021-11-21T15:14:41+00:00","dateModified":"2025-08-25T15:01:17+00:00","description":"Fisio Macarena Le\u00f3n te ofrece diferentes tratamientos y servicios de fisioterapia y osteopat\u00eda en Sevilla.","breadcrumb":{"@id":"https:\/\/fisiomacarenaleon.es\/?page_id=1320#breadcrumb"},"inLanguage":"es","potentialAction":[{"@type":"ReadAction","target":["https:\/\/fisiomacarenaleon.es\/?page_id=1320"]}]},{"@type":"BreadcrumbList","@id":"https:\/\/fisiomacarenaleon.es\/?page_id=1320#breadcrumb","itemListElement":[{"@type":"ListItem","position":1,"name":"Portada","item":"https:\/\/fisiomacarenaleon.es\/"},{"@type":"ListItem","position":2,"name":"Servicios"}]},{"@type":"WebSite","@id":"https:\/\/fisiomacarenaleon.es\/#website","url":"https:\/\/fisiomacarenaleon.es\/","name":"Fisio Macarena Le\u00f3n","description":"Cl\u00ednica de Fisioterapia y Osteopat\u00eda en Sevilla","publisher":{"@id":"https:\/\/fisiomacarenaleon.es\/#organization"},"potentialAction":[{"@type":"SearchAction","target":{"@type":"EntryPoint","urlTemplate":"https:\/\/fisiomacarenaleon.es\/?s={search_term_string}"},"query-input":"required name=search_term_string"}],"inLanguage":"es"},{"@type":"Organization","@id":"https:\/\/fisiomacarenaleon.es\/#organization","name":"Fisio Macarena Le\u00f3n","url":"https:\/\/fisiomacarenaleon.es\/","logo":{"@type":"ImageObject","inLanguage":"es","@id":"https:\/\/fisiomacarenaleon.es\/#\/schema\/logo\/image\/","url":"https:\/\/fisiomacarenaleon.es\/wp-content\/uploads\/Logo_Macarena_Leon_Fisio.png","contentUrl":"https:\/\/fisiomacarenaleon.es\/wp-content\/uploads\/Logo_Macarena_Leon_Fisio.png","width":2362,"height":2362,"caption":"Fisio Macarena Le\u00f3n"},"image":{"@id":"https:\/\/fisiomacarenaleon.es\/#\/schema\/logo\/image\/"},"sameAs":["https:\/\/www.instagram.com\/fisiomacarenaleon\/"]}]}},"uagb_featured_image_src":{"full":false,"thumbnail":false,"medium":false,"medium_large":false,"large":false,"1536x1536":false,"2048x2048":false},"uagb_author_info":{"display_name":"fisiomacarenaleon.es","author_link":"https:\/\/fisiomacarenaleon.es\/?author=1"},"uagb_comment_info":0,"uagb_excerpt":"Servicios y tarifas Diagn\u00f3stico previo En Macarena Le\u00f3n Fisioterapia y Osteopat\u00eda buscamos mejorar la calidad de vida de nuestros pacientes. Para ello, nuestros servicios se basan en un diagn\u00f3stico previo y acertado, donde es vital el entendimiento y compresi\u00f3n de la dolencia y\/o lesi\u00f3n por parte del propio paciente. Una vez presentado este diagn\u00f3stico, garantizamos&hellip;","_links":{"self":[{"href":"https:\/\/fisiomacarenaleon.es\/index.php?rest_route=\/wp\/v2\/pages\/1320","targetHints":{"allow":["GET"]}}],"collection":[{"href":"https:\/\/fisiomacarenaleon.es\/index.php?rest_route=\/wp\/v2\/pages"}],"about":[{"href":"https:\/\/fisiomacarenaleon.es\/index.php?rest_route=\/wp\/v2\/types\/page"}],"author":[{"embeddable":true,"href":"https:\/\/fisiomacarenaleon.es\/index.php?rest_route=\/wp\/v2\/users\/1"}],"replies":[{"embeddable":true,"href":"https:\/\/fisiomacarenaleon.es\/index.php?rest_route=%2Fwp%2Fv2%2Fcomments&post=1320"}],"version-history":[{"count":32,"href":"https:\/\/fisiomacarenaleon.es\/index.php?rest_route=\/wp\/v2\/pages\/1320\/revisions"}],"predecessor-version":[{"id":1602,"href":"https:\/\/fisiomacarenaleon.es\/index.php?rest_route=\/wp\/v2\/pages\/1320\/revisions\/1602"}],"wp:attachment":[{"href":"https:\/\/fisiomacarenaleon.es\/index.php?rest_route=%2Fwp%2Fv2%2Fmedia&parent=1320"}],"curies":[{"name":"wp","href":"https:\/\/api.w.org\/{rel}","templated":true}]}}