{"id":1321,"date":"2021-11-21T15:14:44","date_gmt":"2021-11-21T15:14:44","guid":{"rendered":"https:\/\/fisiomacarenaleon.es\/?page_id=1321"},"modified":"2023-11-23T11:22:25","modified_gmt":"2023-11-23T11:22:25","slug":"contacto","status":"publish","type":"page","link":"https:\/\/fisiomacarenaleon.es\/?page_id=1321","title":{"rendered":"Contacto"},"content":{"rendered":"\t\t<div data-elementor-type=\"wp-page\" data-elementor-id=\"1321\" class=\"elementor elementor-1321\">\n\t\t\t\t\t\t<section class=\"elementor-section elementor-top-section elementor-element elementor-element-6713cc3 elementor-section-height-min-height elementor-section-boxed elementor-section-height-default elementor-section-items-middle\" data-id=\"6713cc3\" data-element_type=\"section\" data-e-type=\"section\" data-settings=\"{&quot;background_background&quot;:&quot;classic&quot;}\">\n\t\t\t\t\t\t\t<div class=\"elementor-background-overlay\"><\/div>\n\t\t\t\t\t\t\t<div class=\"elementor-container elementor-column-gap-default\">\n\t\t\t\t\t<div class=\"elementor-column elementor-col-100 elementor-top-column elementor-element elementor-element-ddcf7e8\" data-id=\"ddcf7e8\" data-element_type=\"column\" data-e-type=\"column\">\n\t\t\t<div class=\"elementor-widget-wrap elementor-element-populated\">\n\t\t\t\t\t\t<div class=\"elementor-element elementor-element-9654805 elementor-widget elementor-widget-heading\" data-id=\"9654805\" data-element_type=\"widget\" data-e-type=\"widget\" data-widget_type=\"heading.default\">\n\t\t\t\t<div class=\"elementor-widget-container\">\n\t\t\t\t\t<h1 class=\"elementor-heading-title elementor-size-default\">Contacto<\/h1>\t\t\t\t<\/div>\n\t\t\t\t<\/div>\n\t\t\t\t\t<\/div>\n\t\t<\/div>\n\t\t\t\t\t<\/div>\n\t\t<\/section>\n\t\t\t\t<section class=\"elementor-section elementor-top-section elementor-element elementor-element-3d17eea elementor-section-boxed elementor-section-height-default elementor-section-height-default\" data-id=\"3d17eea\" data-element_type=\"section\" data-e-type=\"section\" data-settings=\"{&quot;background_background&quot;:&quot;classic&quot;}\">\n\t\t\t\t\t\t<div class=\"elementor-container elementor-column-gap-default\">\n\t\t\t\t\t<div class=\"elementor-column elementor-col-100 elementor-top-column elementor-element elementor-element-daba57a\" data-id=\"daba57a\" data-element_type=\"column\" data-e-type=\"column\">\n\t\t\t<div class=\"elementor-widget-wrap elementor-element-populated\">\n\t\t\t\t\t\t<div class=\"elementor-element elementor-element-93a1b2e elementor-widget elementor-widget-heading\" data-id=\"93a1b2e\" data-element_type=\"widget\" data-e-type=\"widget\" data-widget_type=\"heading.default\">\n\t\t\t\t<div class=\"elementor-widget-container\">\n\t\t\t\t\t<h4 class=\"elementor-heading-title elementor-size-default\">Cu\u00e9ntanos c\u00f3mo podemos ayudarte<\/h4>\t\t\t\t<\/div>\n\t\t\t\t<\/div>\n\t\t\t\t<section class=\"elementor-section elementor-inner-section elementor-element elementor-element-59cf71f elementor-reverse-mobile elementor-section-boxed elementor-section-height-default elementor-section-height-default\" data-id=\"59cf71f\" data-element_type=\"section\" data-e-type=\"section\">\n\t\t\t\t\t\t<div class=\"elementor-container elementor-column-gap-default\">\n\t\t\t\t\t<div class=\"elementor-column elementor-col-50 elementor-inner-column elementor-element elementor-element-fa3a30c\" data-id=\"fa3a30c\" data-element_type=\"column\" data-e-type=\"column\">\n\t\t\t<div class=\"elementor-widget-wrap elementor-element-populated\">\n\t\t\t\t\t\t<div class=\"elementor-element elementor-element-b29413d elementor-widget elementor-widget-heading\" data-id=\"b29413d\" data-element_type=\"widget\" data-e-type=\"widget\" data-widget_type=\"heading.default\">\n\t\t\t\t<div class=\"elementor-widget-container\">\n\t\t\t\t\t<h4 class=\"elementor-heading-title elementor-size-default\">Contacta con nostros:<\/h4>\t\t\t\t<\/div>\n\t\t\t\t<\/div>\n\t\t\t\t<div class=\"elementor-element elementor-element-ce3153c elementor-widget__width-initial elementor-widget elementor-widget-icon-box\" data-id=\"ce3153c\" data-element_type=\"widget\" data-e-type=\"widget\" data-widget_type=\"icon-box.default\">\n\t\t\t\t<div class=\"elementor-widget-container\">\n\t\t\t\t\t\t\t<div class=\"elementor-icon-box-wrapper\">\n\n\t\t\t\n\t\t\t\t\t\t<div class=\"elementor-icon-box-content\">\n\n\t\t\t\t\t\t\t\t\t<h6 class=\"elementor-icon-box-title\">\n\t\t\t\t\t\t<span  >\n\t\t\t\t\t\t\tEMAIL\t\t\t\t\t\t<\/span>\n\t\t\t\t\t<\/h6>\n\t\t\t\t\n\t\t\t\t\t\t\t\t\t<p class=\"elementor-icon-box-description\">\n\t\t\t\t\t\tinfo@fisiomacarenaleon.es\t\t\t\t\t<\/p>\n\t\t\t\t\n\t\t\t<\/div>\n\t\t\t\n\t\t<\/div>\n\t\t\t\t\t\t<\/div>\n\t\t\t\t<\/div>\n\t\t\t\t<div class=\"elementor-element elementor-element-9b19864 elementor-widget elementor-widget-icon-box\" data-id=\"9b19864\" data-element_type=\"widget\" data-e-type=\"widget\" data-widget_type=\"icon-box.default\">\n\t\t\t\t<div class=\"elementor-widget-container\">\n\t\t\t\t\t\t\t<div class=\"elementor-icon-box-wrapper\">\n\n\t\t\t\n\t\t\t\t\t\t<div class=\"elementor-icon-box-content\">\n\n\t\t\t\t\t\t\t\t\t<h6 class=\"elementor-icon-box-title\">\n\t\t\t\t\t\t<span  >\n\t\t\t\t\t\t\tTEL\u00c9FONO\t\t\t\t\t\t<\/span>\n\t\t\t\t\t<\/h6>\n\t\t\t\t\n\t\t\t\t\t\t\t\t\t<p class=\"elementor-icon-box-description\">\n\t\t\t\t\t\t604 945 161\t\t\t\t\t<\/p>\n\t\t\t\t\n\t\t\t<\/div>\n\t\t\t\n\t\t<\/div>\n\t\t\t\t\t\t<\/div>\n\t\t\t\t<\/div>\n\t\t\t\t<div class=\"elementor-element elementor-element-1184dd7 elementor-widget elementor-widget-icon-box\" data-id=\"1184dd7\" data-element_type=\"widget\" data-e-type=\"widget\" data-widget_type=\"icon-box.default\">\n\t\t\t\t<div class=\"elementor-widget-container\">\n\t\t\t\t\t\t\t<div class=\"elementor-icon-box-wrapper\">\n\n\t\t\t\n\t\t\t\t\t\t<div class=\"elementor-icon-box-content\">\n\n\t\t\t\t\t\t\t\t\t<h6 class=\"elementor-icon-box-title\">\n\t\t\t\t\t\t<span  >\n\t\t\t\t\t\t\tUBICACI\u00d3N\t\t\t\t\t\t<\/span>\n\t\t\t\t\t<\/h6>\n\t\t\t\t\n\t\t\t\t\t\t\t\t\t<p class=\"elementor-icon-box-description\">\n\t\t\t\t\t\tCalle Imaginero Fernandez Andes, 19. \n41008. Sevilla\t\t\t\t\t<\/p>\n\t\t\t\t\n\t\t\t<\/div>\n\t\t\t\n\t\t<\/div>\n\t\t\t\t\t\t<\/div>\n\t\t\t\t<\/div>\n\t\t\t\t<div class=\"elementor-element elementor-element-c7d043c elementor-shape-circle e-grid-align-left e-grid-align-mobile-center elementor-grid-0 elementor-widget elementor-widget-social-icons\" data-id=\"c7d043c\" data-element_type=\"widget\" data-e-type=\"widget\" data-widget_type=\"social-icons.default\">\n\t\t\t\t<div class=\"elementor-widget-container\">\n\t\t\t\t\t\t\t<div class=\"elementor-social-icons-wrapper elementor-grid\" role=\"list\">\n\t\t\t\t\t\t\t<span class=\"elementor-grid-item\" role=\"listitem\">\n\t\t\t\t\t<a class=\"elementor-icon elementor-social-icon elementor-social-icon-facebook elementor-repeater-item-bc2758c\" href=\"https:\/\/www.facebook.com\/fisiomacarenaleon\/\">\n\t\t\t\t\t\t<span class=\"elementor-screen-only\">Facebook<\/span>\n\t\t\t\t\t\t<i aria-hidden=\"true\" class=\"fab fa-facebook\"><\/i>\t\t\t\t\t<\/a>\n\t\t\t\t<\/span>\n\t\t\t\t\t\t\t<span class=\"elementor-grid-item\" role=\"listitem\">\n\t\t\t\t\t<a class=\"elementor-icon elementor-social-icon elementor-social-icon-instagram elementor-repeater-item-67346b3\" href=\"https:\/\/www.instagram.com\/fisiomacarenaleon\/\">\n\t\t\t\t\t\t<span class=\"elementor-screen-only\">Instagram<\/span>\n\t\t\t\t\t\t<i aria-hidden=\"true\" class=\"fab fa-instagram\"><\/i>\t\t\t\t\t<\/a>\n\t\t\t\t<\/span>\n\t\t\t\t\t\t\t<span class=\"elementor-grid-item\" role=\"listitem\">\n\t\t\t\t\t<a class=\"elementor-icon elementor-social-icon elementor-social-icon-youtube elementor-repeater-item-1e1c559\" href=\"https:\/\/www.youtube.com\/channel\/UC5cns28uc5e0NpGBmAguKjw\">\n\t\t\t\t\t\t<span class=\"elementor-screen-only\">Youtube<\/span>\n\t\t\t\t\t\t<i aria-hidden=\"true\" class=\"fab fa-youtube\"><\/i>\t\t\t\t\t<\/a>\n\t\t\t\t<\/span>\n\t\t\t\t\t<\/div>\n\t\t\t\t\t\t<\/div>\n\t\t\t\t<\/div>\n\t\t\t\t\t<\/div>\n\t\t<\/div>\n\t\t\t\t<div class=\"elementor-column elementor-col-50 elementor-inner-column elementor-element elementor-element-a389ae0\" data-id=\"a389ae0\" data-element_type=\"column\" data-e-type=\"column\">\n\t\t\t<div class=\"elementor-widget-wrap elementor-element-populated\">\n\t\t\t\t\t\t<div class=\"elementor-element elementor-element-1506722 elementor-widget__width-initial elementor-widget elementor-widget-heading\" data-id=\"1506722\" data-element_type=\"widget\" data-e-type=\"widget\" data-widget_type=\"heading.default\">\n\t\t\t\t<div class=\"elementor-widget-container\">\n\t\t\t\t\t<h4 class=\"elementor-heading-title elementor-size-default\">Recibe nuestras noticias:<\/h4>\t\t\t\t<\/div>\n\t\t\t\t<\/div>\n\t\t\t\t<div class=\"elementor-element elementor-element-daf237d elementor-widget elementor-widget-shortcode\" data-id=\"daf237d\" data-element_type=\"widget\" data-e-type=\"widget\" data-widget_type=\"shortcode.default\">\n\t\t\t\t<div class=\"elementor-widget-container\">\n\t\t\t\t\t\t\t<div class=\"elementor-shortcode\"><div class=\"wpforms-container \" id=\"wpforms-25\"><form id=\"wpforms-form-25\" class=\"wpforms-validate wpforms-form wpforms-ajax-form\" data-formid=\"25\" method=\"post\" enctype=\"multipart\/form-data\" action=\"\/index.php?rest_route=%2Fwp%2Fv2%2Fpages%2F1321\" data-token=\"44d19344c8f9ab018f88eaa96a7ee8b7\" data-token-time=\"1778158919\"><noscript class=\"wpforms-error-noscript\">Por favor, activa JavaScript en tu navegador para completar este formulario.<\/noscript><div class=\"wpforms-field-container\"><div id=\"wpforms-25-field_0-container\" class=\"wpforms-field wpforms-field-name\" data-field-id=\"0\"><label class=\"wpforms-field-label wpforms-label-hide\">Nombre y apellidos <span class=\"wpforms-required-label\">*<\/span><\/label><div class=\"wpforms-field-row wpforms-field-large\"><div class=\"wpforms-field-row-block wpforms-first wpforms-one-half\"><input type=\"text\" id=\"wpforms-25-field_0\" class=\"wpforms-field-name-first wpforms-field-required\" name=\"wpforms[fields][0][first]\" required><label for=\"wpforms-25-field_0\" class=\"wpforms-field-sublabel after\">Nombre<\/label><\/div><div class=\"wpforms-field-row-block wpforms-one-half\"><input type=\"text\" id=\"wpforms-25-field_0-last\" class=\"wpforms-field-name-last wpforms-field-required\" name=\"wpforms[fields][0][last]\" required><label for=\"wpforms-25-field_0-last\" class=\"wpforms-field-sublabel after\">Apellidos<\/label><\/div><\/div><\/div><div id=\"wpforms-25-field_1-container\" class=\"wpforms-field wpforms-field-email\" data-field-id=\"1\"><label class=\"wpforms-field-label wpforms-label-hide\" for=\"wpforms-25-field_1\">Correo electr\u00f3nico <span class=\"wpforms-required-label\">*<\/span><\/label><input type=\"email\" id=\"wpforms-25-field_1\" class=\"wpforms-field-large wpforms-field-required\" name=\"wpforms[fields][1]\" placeholder=\"Tu email\" spellcheck=\"false\" required><\/div><div id=\"wpforms-25-field_3-container\" class=\"wpforms-field wpforms-field-select wpforms-field-select-style-classic\" data-field-id=\"3\"><label class=\"wpforms-field-label\" for=\"wpforms-25-field_3\">\u00bfDeseas recibir comunicaciones informativas y promociones? <span class=\"wpforms-required-label\">*<\/span><\/label><select id=\"wpforms-25-field_3\" class=\"wpforms-field-medium wpforms-field-required\" name=\"wpforms[fields][3]\" required=\"required\"><option value=\"S\u00ed\"  class=\"choice-1 depth-1\"  >S\u00ed<\/option><option value=\"NO\"  class=\"choice-2 depth-1\"  >NO<\/option><\/select><\/div><div id=\"wpforms-25-field_2-container\" class=\"wpforms-field wpforms-field-textarea\" data-field-id=\"2\"><label class=\"wpforms-field-label wpforms-label-hide\" for=\"wpforms-25-field_2\">Inf\u00f3rmanos de otras cuestiones <span class=\"wpforms-required-label\">*<\/span><\/label><textarea id=\"wpforms-25-field_2\" class=\"wpforms-field-medium wpforms-field-required\" name=\"wpforms[fields][2]\" placeholder=\"Mensaje\" required><\/textarea><\/div><\/div><!-- .wpforms-field-container --><div class=\"wpforms-submit-container\" ><input type=\"hidden\" name=\"wpforms[id]\" value=\"25\"><input type=\"hidden\" name=\"page_title\" value=\"\"><input type=\"hidden\" name=\"page_url\" value=\"https:\/\/fisiomacarenaleon.es\/index.php?rest_route=\/wp\/v2\/pages\/1321\"><input type=\"hidden\" name=\"url_referer\" value=\"\"><button type=\"submit\" name=\"wpforms[submit]\" id=\"wpforms-submit-25\" class=\"wpforms-submit\" data-alt-text=\"Enviando...\" data-submit-text=\"ENVIAR\" aria-live=\"assertive\" value=\"wpforms-submit\">ENVIAR<\/button><img decoding=\"async\" src=\"https:\/\/fisiomacarenaleon.es\/wp-content\/plugins\/wpforms-lite\/assets\/images\/submit-spin.svg\" class=\"wpforms-submit-spinner\" style=\"display: none;\" width=\"26\" height=\"26\" alt=\"Cargando\"><\/div><\/form><\/div>  <!-- .wpforms-container --><\/div>\n\t\t\t\t\t\t<\/div>\n\t\t\t\t<\/div>\n\t\t\t\t\t<\/div>\n\t\t<\/div>\n\t\t\t\t\t<\/div>\n\t\t<\/section>\n\t\t\t\t\t<\/div>\n\t\t<\/div>\n\t\t\t\t\t<\/div>\n\t\t<\/section>\n\t\t\t\t<\/div>\n\t\t","protected":false},"excerpt":{"rendered":"<p>Contacto Cu\u00e9ntanos c\u00f3mo podemos ayudarte Contacta con nostros: EMAIL info@fisiomacarenaleon.es TEL\u00c9FONO 604 945 161 UBICACI\u00d3N Calle Imaginero Fernandez Andes, 19. 41008. Sevilla Facebook Instagram Youtube Recibe nuestras noticias:<\/p>\n","protected":false},"author":1,"featured_media":0,"parent":0,"menu_order":0,"comment_status":"closed","ping_status":"closed","template":"","meta":{"_uag_custom_page_level_css":"","site-sidebar-layout":"no-sidebar","site-content-layout":"page-builder","ast-global-header-display":"","ast-banner-title-visibility":"","ast-main-header-display":"","ast-hfb-above-header-display":"","ast-hfb-below-header-display":"","ast-hfb-mobile-header-display":"","site-post-title":"disabled","ast-breadcrumbs-content":"","ast-featured-img":"disabled","footer-sml-layout":"","theme-transparent-header-meta":"enabled","adv-header-id-meta":"","stick-header-meta":"","header-above-stick-meta":"","header-main-stick-meta":"","header-below-stick-meta":"","footnotes":""},"class_list":["post-1321","page","type-page","status-publish","hentry"],"yoast_head":"<!-- This site is optimized with the Yoast SEO plugin v21.5 - https:\/\/yoast.com\/wordpress\/plugins\/seo\/ -->\n<title>Contacto - Fisio Macarena Le\u00f3n<\/title>\n<meta name=\"description\" content=\"Contacta con Fisio Macarena Le\u00f3n para cualquier servicio de fisioterapia en Sevilla que necesites, adem\u00e1s de osteopat\u00eda, punci\u00f3n seca y pilates terap\u00e9utico.\" \/>\n<meta name=\"robots\" content=\"index, follow, max-snippet:-1, max-image-preview:large, max-video-preview:-1\" \/>\n<link rel=\"canonical\" href=\"https:\/\/fisiomacarenaleon.es\/?page_id=1321\" \/>\n<meta property=\"og:locale\" content=\"es_ES\" \/>\n<meta property=\"og:type\" content=\"article\" \/>\n<meta property=\"og:title\" content=\"Contacto - Fisio Macarena Le\u00f3n\" \/>\n<meta property=\"og:description\" content=\"Contacta con Fisio Macarena Le\u00f3n para cualquier servicio de fisioterapia en Sevilla que necesites, adem\u00e1s de osteopat\u00eda, punci\u00f3n seca y pilates terap\u00e9utico.\" \/>\n<meta property=\"og:url\" content=\"https:\/\/fisiomacarenaleon.es\/?page_id=1321\" \/>\n<meta property=\"og:site_name\" content=\"Fisio Macarena Le\u00f3n\" \/>\n<meta property=\"article:modified_time\" content=\"2023-11-23T11:22:25+00:00\" \/>\n<meta name=\"twitter:card\" content=\"summary_large_image\" \/>\n<meta name=\"twitter:label1\" content=\"Tiempo de lectura\" \/>\n\t<meta name=\"twitter:data1\" content=\"1 minuto\" \/>\n<script type=\"application\/ld+json\" class=\"yoast-schema-graph\">{\"@context\":\"https:\/\/schema.org\",\"@graph\":[{\"@type\":\"WebPage\",\"@id\":\"https:\/\/fisiomacarenaleon.es\/?page_id=1321\",\"url\":\"https:\/\/fisiomacarenaleon.es\/?page_id=1321\",\"name\":\"Contacto - Fisio Macarena Le\u00f3n\",\"isPartOf\":{\"@id\":\"https:\/\/fisiomacarenaleon.es\/#website\"},\"datePublished\":\"2021-11-21T15:14:44+00:00\",\"dateModified\":\"2023-11-23T11:22:25+00:00\",\"description\":\"Contacta con Fisio Macarena Le\u00f3n para cualquier servicio de fisioterapia en Sevilla que necesites, adem\u00e1s de osteopat\u00eda, punci\u00f3n seca y pilates terap\u00e9utico.\",\"breadcrumb\":{\"@id\":\"https:\/\/fisiomacarenaleon.es\/?page_id=1321#breadcrumb\"},\"inLanguage\":\"es\",\"potentialAction\":[{\"@type\":\"ReadAction\",\"target\":[\"https:\/\/fisiomacarenaleon.es\/?page_id=1321\"]}]},{\"@type\":\"BreadcrumbList\",\"@id\":\"https:\/\/fisiomacarenaleon.es\/?page_id=1321#breadcrumb\",\"itemListElement\":[{\"@type\":\"ListItem\",\"position\":1,\"name\":\"Portada\",\"item\":\"https:\/\/fisiomacarenaleon.es\/\"},{\"@type\":\"ListItem\",\"position\":2,\"name\":\"Contacto\"}]},{\"@type\":\"WebSite\",\"@id\":\"https:\/\/fisiomacarenaleon.es\/#website\",\"url\":\"https:\/\/fisiomacarenaleon.es\/\",\"name\":\"Fisio Macarena Le\u00f3n\",\"description\":\"Cl\u00ednica de Fisioterapia y Osteopat\u00eda en Sevilla\",\"publisher\":{\"@id\":\"https:\/\/fisiomacarenaleon.es\/#organization\"},\"potentialAction\":[{\"@type\":\"SearchAction\",\"target\":{\"@type\":\"EntryPoint\",\"urlTemplate\":\"https:\/\/fisiomacarenaleon.es\/?s={search_term_string}\"},\"query-input\":\"required name=search_term_string\"}],\"inLanguage\":\"es\"},{\"@type\":\"Organization\",\"@id\":\"https:\/\/fisiomacarenaleon.es\/#organization\",\"name\":\"Fisio Macarena Le\u00f3n\",\"url\":\"https:\/\/fisiomacarenaleon.es\/\",\"logo\":{\"@type\":\"ImageObject\",\"inLanguage\":\"es\",\"@id\":\"https:\/\/fisiomacarenaleon.es\/#\/schema\/logo\/image\/\",\"url\":\"https:\/\/fisiomacarenaleon.es\/wp-content\/uploads\/Logo_Macarena_Leon_Fisio.png\",\"contentUrl\":\"https:\/\/fisiomacarenaleon.es\/wp-content\/uploads\/Logo_Macarena_Leon_Fisio.png\",\"width\":2362,\"height\":2362,\"caption\":\"Fisio Macarena Le\u00f3n\"},\"image\":{\"@id\":\"https:\/\/fisiomacarenaleon.es\/#\/schema\/logo\/image\/\"},\"sameAs\":[\"https:\/\/www.instagram.com\/fisiomacarenaleon\/\"]}]}<\/script>\n<!-- \/ Yoast SEO plugin. -->","yoast_head_json":{"title":"Contacto - Fisio Macarena Le\u00f3n","description":"Contacta con Fisio Macarena Le\u00f3n para cualquier servicio de fisioterapia en Sevilla que necesites, adem\u00e1s de osteopat\u00eda, punci\u00f3n seca y pilates terap\u00e9utico.","robots":{"index":"index","follow":"follow","max-snippet":"max-snippet:-1","max-image-preview":"max-image-preview:large","max-video-preview":"max-video-preview:-1"},"canonical":"https:\/\/fisiomacarenaleon.es\/?page_id=1321","og_locale":"es_ES","og_type":"article","og_title":"Contacto - Fisio Macarena Le\u00f3n","og_description":"Contacta con Fisio Macarena Le\u00f3n para cualquier servicio de fisioterapia en Sevilla que necesites, adem\u00e1s de osteopat\u00eda, punci\u00f3n seca y pilates terap\u00e9utico.","og_url":"https:\/\/fisiomacarenaleon.es\/?page_id=1321","og_site_name":"Fisio Macarena Le\u00f3n","article_modified_time":"2023-11-23T11:22:25+00:00","twitter_card":"summary_large_image","twitter_misc":{"Tiempo de lectura":"1 minuto"},"schema":{"@context":"https:\/\/schema.org","@graph":[{"@type":"WebPage","@id":"https:\/\/fisiomacarenaleon.es\/?page_id=1321","url":"https:\/\/fisiomacarenaleon.es\/?page_id=1321","name":"Contacto - Fisio Macarena Le\u00f3n","isPartOf":{"@id":"https:\/\/fisiomacarenaleon.es\/#website"},"datePublished":"2021-11-21T15:14:44+00:00","dateModified":"2023-11-23T11:22:25+00:00","description":"Contacta con Fisio Macarena Le\u00f3n para cualquier servicio de fisioterapia en Sevilla que necesites, adem\u00e1s de osteopat\u00eda, punci\u00f3n seca y pilates terap\u00e9utico.","breadcrumb":{"@id":"https:\/\/fisiomacarenaleon.es\/?page_id=1321#breadcrumb"},"inLanguage":"es","potentialAction":[{"@type":"ReadAction","target":["https:\/\/fisiomacarenaleon.es\/?page_id=1321"]}]},{"@type":"BreadcrumbList","@id":"https:\/\/fisiomacarenaleon.es\/?page_id=1321#breadcrumb","itemListElement":[{"@type":"ListItem","position":1,"name":"Portada","item":"https:\/\/fisiomacarenaleon.es\/"},{"@type":"ListItem","position":2,"name":"Contacto"}]},{"@type":"WebSite","@id":"https:\/\/fisiomacarenaleon.es\/#website","url":"https:\/\/fisiomacarenaleon.es\/","name":"Fisio Macarena Le\u00f3n","description":"Cl\u00ednica de Fisioterapia y Osteopat\u00eda en Sevilla","publisher":{"@id":"https:\/\/fisiomacarenaleon.es\/#organization"},"potentialAction":[{"@type":"SearchAction","target":{"@type":"EntryPoint","urlTemplate":"https:\/\/fisiomacarenaleon.es\/?s={search_term_string}"},"query-input":"required name=search_term_string"}],"inLanguage":"es"},{"@type":"Organization","@id":"https:\/\/fisiomacarenaleon.es\/#organization","name":"Fisio Macarena Le\u00f3n","url":"https:\/\/fisiomacarenaleon.es\/","logo":{"@type":"ImageObject","inLanguage":"es","@id":"https:\/\/fisiomacarenaleon.es\/#\/schema\/logo\/image\/","url":"https:\/\/fisiomacarenaleon.es\/wp-content\/uploads\/Logo_Macarena_Leon_Fisio.png","contentUrl":"https:\/\/fisiomacarenaleon.es\/wp-content\/uploads\/Logo_Macarena_Leon_Fisio.png","width":2362,"height":2362,"caption":"Fisio Macarena Le\u00f3n"},"image":{"@id":"https:\/\/fisiomacarenaleon.es\/#\/schema\/logo\/image\/"},"sameAs":["https:\/\/www.instagram.com\/fisiomacarenaleon\/"]}]}},"uagb_featured_image_src":{"full":false,"thumbnail":false,"medium":false,"medium_large":false,"large":false,"1536x1536":false,"2048x2048":false},"uagb_author_info":{"display_name":"fisiomacarenaleon.es","author_link":"https:\/\/fisiomacarenaleon.es\/?author=1"},"uagb_comment_info":0,"uagb_excerpt":"Contacto Cu\u00e9ntanos c\u00f3mo podemos ayudarte Contacta con nostros: EMAIL info@fisiomacarenaleon.es TEL\u00c9FONO 604 945 161 UBICACI\u00d3N Calle Imaginero Fernandez Andes, 19. 41008. Sevilla Facebook Instagram Youtube Recibe nuestras noticias:","_links":{"self":[{"href":"https:\/\/fisiomacarenaleon.es\/index.php?rest_route=\/wp\/v2\/pages\/1321","targetHints":{"allow":["GET"]}}],"collection":[{"href":"https:\/\/fisiomacarenaleon.es\/index.php?rest_route=\/wp\/v2\/pages"}],"about":[{"href":"https:\/\/fisiomacarenaleon.es\/index.php?rest_route=\/wp\/v2\/types\/page"}],"author":[{"embeddable":true,"href":"https:\/\/fisiomacarenaleon.es\/index.php?rest_route=\/wp\/v2\/users\/1"}],"replies":[{"embeddable":true,"href":"https:\/\/fisiomacarenaleon.es\/index.php?rest_route=%2Fwp%2Fv2%2Fcomments&post=1321"}],"version-history":[{"count":11,"href":"https:\/\/fisiomacarenaleon.es\/index.php?rest_route=\/wp\/v2\/pages\/1321\/revisions"}],"predecessor-version":[{"id":1553,"href":"https:\/\/fisiomacarenaleon.es\/index.php?rest_route=\/wp\/v2\/pages\/1321\/revisions\/1553"}],"wp:attachment":[{"href":"https:\/\/fisiomacarenaleon.es\/index.php?rest_route=%2Fwp%2Fv2%2Fmedia&parent=1321"}],"curies":[{"name":"wp","href":"https:\/\/api.w.org\/{rel}","templated":true}]}}